{"id":1309,"date":"2024-02-10T14:16:43","date_gmt":"2024-02-10T14:16:43","guid":{"rendered":"https:\/\/rennie-richter-massage-therapist.com\/contactez-moi\/"},"modified":"2025-05-11T11:02:04","modified_gmt":"2025-05-11T11:02:04","slug":"contactez-rennie-richter","status":"publish","type":"page","link":"https:\/\/rennie-richter-massage-therapist.com\/en\/contactez-rennie-richter\/","title":{"rendered":"Contact me at"},"content":{"rendered":"\t\t<div data-elementor-type=\"page\" data-elementor-id=\"1309\" class=\"elementor elementor-1309\" data-elementor-post-type=\"page\">\n\t\t\t\t\t\t<section data-particle_enable=\"false\" data-particle-mobile-disabled=\"false\" class=\"elementor-section elementor-top-section elementor-element elementor-element-2866eef1 elementor-section-height-min-height elementor-section-stretched elementor-section-boxed elementor-section-height-default elementor-section-items-middle\" data-id=\"2866eef1\" data-element_type=\"section\" data-e-type=\"section\" data-settings=\"{&quot;background_background&quot;:&quot;classic&quot;,&quot;stretch_section&quot;:&quot;section-stretched&quot;}\">\n\t\t\t\t\t\t<div class=\"elementor-container elementor-column-gap-default\">\n\t\t\t\t\t<div class=\"elementor-column elementor-col-100 elementor-top-column elementor-element elementor-element-d1f2e6c\" data-id=\"d1f2e6c\" data-element_type=\"column\" data-e-type=\"column\">\n\t\t\t<div class=\"elementor-widget-wrap elementor-element-populated\">\n\t\t\t\t\t\t<div class=\"elementor-element elementor-element-1f42f866 animated-slow elementor-widget-tablet__width-inherit elementor-invisible elementor-widget elementor-widget-heading\" data-id=\"1f42f866\" data-element_type=\"widget\" data-e-type=\"widget\" data-settings=\"{&quot;_animation&quot;:&quot;fadeIn&quot;}\" data-widget_type=\"heading.default\">\n\t\t\t\t<div class=\"elementor-widget-container\">\n\t\t\t\t\t<h2 class=\"elementor-heading-title elementor-size-default\">Contactez Rennie Richter<br>\nEntre Nice et Monaco \n<\/h2>\t\t\t\t<\/div>\n\t\t\t\t<\/div>\n\t\t\t\t<div class=\"elementor-element elementor-element-7c361db2 animated-fast elementor-invisible elementor-widget elementor-widget-heading\" data-id=\"7c361db2\" data-element_type=\"widget\" data-e-type=\"widget\" data-settings=\"{&quot;_animation&quot;:&quot;bounceInDown&quot;,&quot;_animation_delay&quot;:500}\" data-widget_type=\"heading.default\">\n\t\t\t\t<div class=\"elementor-widget-container\">\n\t\t\t\t\t<span class=\"elementor-heading-title elementor-size-default\">Trouver le massage dont vous avez besoin.<\/span>\t\t\t\t<\/div>\n\t\t\t\t<\/div>\n\t\t\t\t\t<\/div>\n\t\t<\/div>\n\t\t\t\t\t<\/div>\n\t\t<\/section>\n\t\t\t\t<section data-particle_enable=\"false\" data-particle-mobile-disabled=\"false\" class=\"elementor-section elementor-top-section elementor-element elementor-element-d68de0c elementor-section-full_width elementor-section-stretched elementor-section-height-default elementor-section-height-default\" data-id=\"d68de0c\" data-element_type=\"section\" data-e-type=\"section\" data-settings=\"{&quot;stretch_section&quot;:&quot;section-stretched&quot;}\">\n\t\t\t\t\t\t<div class=\"elementor-container elementor-column-gap-default\">\n\t\t\t\t\t<div class=\"elementor-column elementor-col-100 elementor-top-column elementor-element elementor-element-62605fe\" data-id=\"62605fe\" data-element_type=\"column\" data-e-type=\"column\">\n\t\t\t<div class=\"elementor-widget-wrap elementor-element-populated\">\n\t\t\t\t\t\t<div class=\"elementor-element elementor-element-194e2dc elementor-widget elementor-widget-image\" data-id=\"194e2dc\" data-element_type=\"widget\" data-e-type=\"widget\" data-widget_type=\"image.default\">\n\t\t\t\t<div class=\"elementor-widget-container\">\n\t\t\t\t\t\t\t\t\t\t\t\t\t\t\t<img decoding=\"async\" src=\"https:\/\/rennie-richter-massage-therapist.com\/wp-content\/uploads\/elementor\/thumbs\/4a1760aa-50aa-42c6-a22d-2878d69edf3a-r4cwrmhgfteevnhz2rdgbds6mu3sm85zl6vn92xpr4.jpg\" title=\"Contactez Rennie Richter\" alt=\"Contactez-moi\" loading=\"lazy\" \/>\t\t\t\t\t\t\t\t\t\t\t\t\t\t\t<\/div>\n\t\t\t\t<\/div>\n\t\t\t\t\t<\/div>\n\t\t<\/div>\n\t\t\t\t\t<\/div>\n\t\t<\/section>\n\t\t\t\t<section data-particle_enable=\"false\" data-particle-mobile-disabled=\"false\" class=\"elementor-section elementor-top-section elementor-element elementor-element-8cbeb1a elementor-section-stretched elementor-section-boxed elementor-section-height-default elementor-section-height-default\" data-id=\"8cbeb1a\" data-element_type=\"section\" data-e-type=\"section\" data-settings=\"{&quot;stretch_section&quot;:&quot;section-stretched&quot;}\">\n\t\t\t\t\t\t<div class=\"elementor-container elementor-column-gap-no\">\n\t\t\t\t\t<div class=\"elementor-column elementor-col-50 elementor-top-column elementor-element elementor-element-367496cc elementor-invisible\" data-id=\"367496cc\" data-element_type=\"column\" data-e-type=\"column\" data-settings=\"{&quot;animation&quot;:&quot;zoomIn&quot;}\">\n\t\t\t<div class=\"elementor-widget-wrap elementor-element-populated\">\n\t\t\t\t\t\t<div class=\"elementor-element elementor-element-4dff0cd4 eael-infobox-shape-square eael-infobox-hover-img-shape-square elementor-widget elementor-widget-eael-info-box\" data-id=\"4dff0cd4\" data-element_type=\"widget\" data-e-type=\"widget\" data-widget_type=\"eael-info-box.default\">\n\t\t\t\t<div class=\"elementor-widget-container\">\n\t\t\t\t\t        <div class=\"eael-infobox icon-on-right\">\n\t            <div class=\"infobox-icon\">\n\n                            <img decoding=\"async\" src=\"https:\/\/rennie-richter-massage-therapist.com\/wp-content\/uploads\/2024\/02\/3dbb8b39-email.png\" alt=\"\" title=\"\">\n            \n            \n            \n        <\/div>\n            <div class=\"infobox-content\">\n                    <div class=\"infobox-title-section\">\n                <h2 class=\"title\">Email<\/h2>            <\/div>\n            <div><p><a href=\"mailto:rennie.richter@gmail.com\">rennie.richter@gmail.com<\/a><\/p><\/div>        <\/div>\n            <\/div>\n\n\t\t\t\t\t\t<\/div>\n\t\t\t\t<\/div>\n\t\t\t\t\t<\/div>\n\t\t<\/div>\n\t\t\t\t<div class=\"elementor-column elementor-col-50 elementor-top-column elementor-element elementor-element-75e17768 elementor-invisible\" data-id=\"75e17768\" data-element_type=\"column\" data-e-type=\"column\" data-settings=\"{&quot;animation&quot;:&quot;fadeInRight&quot;}\">\n\t\t\t<div class=\"elementor-widget-wrap elementor-element-populated\">\n\t\t\t\t\t\t<div class=\"elementor-element elementor-element-7746725e eael-infobox-shape-square eael-infobox-hover-img-shape-square elementor-widget elementor-widget-eael-info-box\" data-id=\"7746725e\" data-element_type=\"widget\" data-e-type=\"widget\" data-widget_type=\"eael-info-box.default\">\n\t\t\t\t<div class=\"elementor-widget-container\">\n\t\t\t\t\t        <div class=\"eael-infobox icon-on-left\">\n\t            <div class=\"infobox-icon\">\n\n                            <img decoding=\"async\" src=\"https:\/\/rennie-richter-massage-therapist.com\/wp-content\/uploads\/2024\/02\/97611a83-mobile.png\" alt=\"\" title=\"\">\n            \n            \n            \n        <\/div>\n            <div class=\"infobox-content\">\n                    <div class=\"infobox-title-section\">\n                <h2 class=\"title\">T\u00e9l\u00e9phone<\/h2>            <\/div>\n            <div><p><a href=\"tel:+33789237972\">+33789237972<\/a><\/p><\/div>        <\/div>\n            <\/div>\n\n\t\t\t\t\t\t<\/div>\n\t\t\t\t<\/div>\n\t\t\t\t\t<\/div>\n\t\t<\/div>\n\t\t\t\t\t<\/div>\n\t\t<\/section>\n\t\t\t\t<section data-particle_enable=\"false\" data-particle-mobile-disabled=\"false\" class=\"elementor-section elementor-top-section elementor-element elementor-element-708538f4 elementor-section-boxed elementor-section-height-default elementor-section-height-default\" data-id=\"708538f4\" data-element_type=\"section\" data-e-type=\"section\" data-settings=\"{&quot;background_background&quot;:&quot;classic&quot;}\">\n\t\t\t\t\t\t<div class=\"elementor-container elementor-column-gap-default\">\n\t\t\t\t\t<div class=\"elementor-column elementor-col-100 elementor-top-column elementor-element elementor-element-b42ec28\" data-id=\"b42ec28\" data-element_type=\"column\" data-e-type=\"column\">\n\t\t\t<div class=\"elementor-widget-wrap elementor-element-populated\">\n\t\t\t\t\t\t<div class=\"elementor-element elementor-element-29690fce elementor-invisible elementor-widget elementor-widget-heading\" data-id=\"29690fce\" data-element_type=\"widget\" data-e-type=\"widget\" data-settings=\"{&quot;_animation&quot;:&quot;fadeInUp&quot;}\" data-widget_type=\"heading.default\">\n\t\t\t\t<div class=\"elementor-widget-container\">\n\t\t\t\t\t<h2 class=\"elementor-heading-title elementor-size-default\">Prenez votre rendez-vous personnalis\u00e9<\/h2>\t\t\t\t<\/div>\n\t\t\t\t<\/div>\n\t\t\t\t<div class=\"elementor-element elementor-element-29064c4c elementor-widget__width-initial elementor-absolute elementor-widget elementor-widget-image\" data-id=\"29064c4c\" data-element_type=\"widget\" data-e-type=\"widget\" data-settings=\"{&quot;motion_fx_motion_fx_scrolling&quot;:&quot;yes&quot;,&quot;motion_fx_translateX_effect&quot;:&quot;yes&quot;,&quot;motion_fx_translateX_direction&quot;:&quot;negative&quot;,&quot;motion_fx_translateX_speed&quot;:{&quot;unit&quot;:&quot;px&quot;,&quot;size&quot;:2,&quot;sizes&quot;:[]},&quot;_position&quot;:&quot;absolute&quot;,&quot;motion_fx_translateX_affectedRange&quot;:{&quot;unit&quot;:&quot;%&quot;,&quot;size&quot;:&quot;&quot;,&quot;sizes&quot;:{&quot;start&quot;:0,&quot;end&quot;:100}},&quot;motion_fx_devices&quot;:[&quot;desktop&quot;,&quot;tablet&quot;,&quot;mobile&quot;]}\" data-widget_type=\"image.default\">\n\t\t\t\t<div class=\"elementor-widget-container\">\n\t\t\t\t\t\t\t\t\t\t\t\t\t\t\t<img fetchpriority=\"high\" decoding=\"async\" width=\"2224\" height=\"352\" src=\"https:\/\/rennie-richter-massage-therapist.com\/wp-content\/uploads\/2024\/02\/c05618f1-contact.png\" class=\"attachment-full size-full wp-image-1242\" alt=\"\" srcset=\"https:\/\/rennie-richter-massage-therapist.com\/wp-content\/uploads\/2024\/02\/c05618f1-contact.png 2224w, https:\/\/rennie-richter-massage-therapist.com\/wp-content\/uploads\/2024\/02\/c05618f1-contact-300x47.png 300w, https:\/\/rennie-richter-massage-therapist.com\/wp-content\/uploads\/2024\/02\/c05618f1-contact-1024x162.png 1024w, https:\/\/rennie-richter-massage-therapist.com\/wp-content\/uploads\/2024\/02\/c05618f1-contact-768x122.png 768w, https:\/\/rennie-richter-massage-therapist.com\/wp-content\/uploads\/2024\/02\/c05618f1-contact-1536x243.png 1536w, https:\/\/rennie-richter-massage-therapist.com\/wp-content\/uploads\/2024\/02\/c05618f1-contact-2048x324.png 2048w\" sizes=\"(max-width: 2224px) 100vw, 2224px\" title=\"\">\t\t\t\t\t\t\t\t\t\t\t\t\t\t\t<\/div>\n\t\t\t\t<\/div>\n\t\t\t\t<div class=\"elementor-element elementor-element-791b204 elementor-widget elementor-widget-shortcode\" data-id=\"791b204\" data-element_type=\"widget\" data-e-type=\"widget\" data-widget_type=\"shortcode.default\">\n\t\t\t\t<div class=\"elementor-widget-container\">\n\t\t\t\t\t\t\t<div class=\"elementor-shortcode\">\n<div class=\"wpcf7 no-js\" id=\"wpcf7-f1671-o1\" lang=\"fr-FR\" dir=\"ltr\" data-wpcf7-id=\"1671\">\n<div class=\"screen-reader-response\"><p role=\"status\" aria-live=\"polite\" aria-atomic=\"true\"><\/p> <ul><\/ul><\/div>\n<form action=\"\/en\/wp-json\/wp\/v2\/pages\/1309#wpcf7-f1671-o1\" method=\"post\" class=\"wpcf7-form init\" aria-label=\"Formulaire de contact\" novalidate=\"novalidate\" data-status=\"init\">\n<fieldset class=\"hidden-fields-container\"><input type=\"hidden\" name=\"_wpcf7\" value=\"1671\" \/><input type=\"hidden\" name=\"_wpcf7_version\" value=\"6.1.5\" \/><input type=\"hidden\" name=\"_wpcf7_locale\" value=\"fr_FR\" \/><input type=\"hidden\" name=\"_wpcf7_unit_tag\" value=\"wpcf7-f1671-o1\" \/><input type=\"hidden\" name=\"_wpcf7_container_post\" value=\"0\" \/><input type=\"hidden\" name=\"_wpcf7_posted_data_hash\" value=\"\" \/><input type=\"hidden\" name=\"_wpcf7_recaptcha_response\" value=\"\" \/>\n<\/fieldset>\n<p><label> Votre nom<br \/>\n<span class=\"wpcf7-form-control-wrap\" data-name=\"your-name\"><input size=\"40\" maxlength=\"400\" class=\"wpcf7-form-control wpcf7-text wpcf7-validates-as-required\" autocomplete=\"name\" aria-required=\"true\" aria-invalid=\"false\" value=\"\" type=\"text\" name=\"your-name\" \/><\/span> <\/label>\n<\/p>\n<p><label> Votre e-mail<br \/>\n<span class=\"wpcf7-form-control-wrap\" data-name=\"your-email\"><input size=\"40\" maxlength=\"400\" class=\"wpcf7-form-control wpcf7-email wpcf7-validates-as-required wpcf7-text wpcf7-validates-as-email\" autocomplete=\"email\" aria-required=\"true\" aria-invalid=\"false\" value=\"\" type=\"email\" name=\"your-email\" \/><\/span> <\/label>\n<\/p>\n<p><label> Votre T\u00e9l\u00e9phone<br \/>\n<span class=\"wpcf7-form-control-wrap\" data-name=\"VotreTlphone\"><input size=\"40\" maxlength=\"400\" class=\"wpcf7-form-control wpcf7-tel wpcf7-validates-as-required wpcf7-text wpcf7-validates-as-tel\" aria-required=\"true\" aria-invalid=\"false\" value=\"\" type=\"tel\" name=\"VotreTlphone\" \/><\/span> <\/label>\n<\/p>\n<p><label> Choisissez votre massage<br \/>\n<span class=\"wpcf7-form-control-wrap\" data-name=\"listemassages\"><select class=\"wpcf7-form-control wpcf7-select wpcf7-validates-as-required\" aria-required=\"true\" aria-invalid=\"false\" name=\"listemassages\"><option value=\"\">&#8212;Veuillez choisir une option&#8212;<\/option><option value=\"Massage Su\u00e9dois\">Massage Su\u00e9dois<\/option><option value=\"D\u00e9tox Relaxant\">D\u00e9tox Relaxant<\/option><option value=\"R\u00e9flexologie Plantaire\">R\u00e9flexologie Plantaire<\/option><option value=\"Deep Tissue\">Deep Tissue<\/option><option value=\"Neck &amp; Shoulders\">Neck &amp; Shoulders<\/option><option value=\"Massage Assis\">Massage Assis<\/option><option value=\"Crystal Touch\">Crystal Touch<\/option><option value=\"Ayurvedique Abyangha\">Ayurvedique Abyangha<\/option><option value=\"Balinais\">Balinais<\/option><option value=\"Lomi Lomi\">Lomi Lomi<\/option><\/select><\/span> <\/label>\n<\/p>\n<p><label> Choisissez votre lieu<br \/>\n<span class=\"wpcf7-form-control-wrap\" data-name=\"Lieu\"><select class=\"wpcf7-form-control wpcf7-select wpcf7-validates-as-required\" aria-required=\"true\" aria-invalid=\"false\" name=\"Lieu\"><option value=\"\">&#8212;Veuillez choisir une option&#8212;<\/option><option value=\"En Cabinet\">En Cabinet<\/option><option value=\"A mon Domicile\">A mon Domicile<\/option><\/select><\/span> <\/label>\n<\/p>\n<p><label> Entrez votre adresse si \u00e0 domicile (facultatif)<br \/>\n<span class=\"wpcf7-form-control-wrap\" data-name=\"Adresse\"><textarea cols=\"40\" rows=\"10\" maxlength=\"2000\" class=\"wpcf7-form-control wpcf7-textarea\" aria-invalid=\"false\" placeholder=\"Entrez votre adresse\" name=\"Adresse\"><\/textarea><\/span> <\/label>\n<\/p>\n<p><label> Choisissez votre dur\u00e9e<br \/>\n<span class=\"wpcf7-form-control-wrap\" data-name=\"Dure\"><select class=\"wpcf7-form-control wpcf7-select wpcf7-validates-as-required\" aria-required=\"true\" aria-invalid=\"false\" name=\"Dure\"><option value=\"\">&#8212;Veuillez choisir une option&#8212;<\/option><option value=\"60 Minutes\">60 Minutes<\/option><option value=\"90 Minutes\">90 Minutes<\/option><option value=\"120 Minutes\">120 Minutes<\/option><\/select><\/span> <\/label>\n<\/p>\n<p><label> Votre message (facultatif)<br \/>\n<span class=\"wpcf7-form-control-wrap\" data-name=\"your-message\"><textarea cols=\"40\" rows=\"10\" maxlength=\"2000\" class=\"wpcf7-form-control wpcf7-textarea\" aria-invalid=\"false\" name=\"your-message\"><\/textarea><\/span> <\/label>\n<\/p>\n<p><span class=\"wpcf7-form-control-wrap\" data-name=\"acceptance-397\"><span class=\"wpcf7-form-control wpcf7-acceptance\"><span class=\"wpcf7-list-item\"><label><input type=\"checkbox\" name=\"acceptance-397\" value=\"1\" aria-invalid=\"false\" \/><span class=\"wpcf7-list-item-label\">J'accepte que les donn\u00e9es que j'ai transmises soient collect\u00e9es et stock\u00e9es.<\/span><\/label><\/span><\/span><\/span>\n<\/p>\n<p><input class=\"wpcf7-form-control wpcf7-submit has-spinner\" type=\"submit\" value=\"Envoyer\" \/>\n<\/p><div class=\"wpcf7-response-output\" aria-hidden=\"true\"><\/div>\n<\/form>\n<\/div>\n<\/div>\n\t\t\t\t\t\t<\/div>\n\t\t\t\t<\/div>\n\t\t\t\t\t<\/div>\n\t\t<\/div>\n\t\t\t\t\t<\/div>\n\t\t<\/section>\n\t\t\t\t<\/div>\n\t\t","protected":false},"excerpt":{"rendered":"<p>Contactez Rennie Richter Entre Nice et Monaco Trouver le massage dont vous avez besoin. Email rennie.richter@gmail.com T\u00e9l\u00e9phone +33789237972 Prenez votre rendez-vous personnalis\u00e9<\/p>","protected":false},"author":1,"featured_media":1000,"parent":0,"menu_order":0,"comment_status":"closed","ping_status":"closed","template":"elementor_header_footer","meta":{"footnotes":""},"class_list":["post-1309","page","type-page","status-publish","has-post-thumbnail","hentry"],"_links":{"self":[{"href":"https:\/\/rennie-richter-massage-therapist.com\/en\/wp-json\/wp\/v2\/pages\/1309","targetHints":{"allow":["GET"]}}],"collection":[{"href":"https:\/\/rennie-richter-massage-therapist.com\/en\/wp-json\/wp\/v2\/pages"}],"about":[{"href":"https:\/\/rennie-richter-massage-therapist.com\/en\/wp-json\/wp\/v2\/types\/page"}],"author":[{"embeddable":true,"href":"https:\/\/rennie-richter-massage-therapist.com\/en\/wp-json\/wp\/v2\/users\/1"}],"replies":[{"embeddable":true,"href":"https:\/\/rennie-richter-massage-therapist.com\/en\/wp-json\/wp\/v2\/comments?post=1309"}],"version-history":[{"count":40,"href":"https:\/\/rennie-richter-massage-therapist.com\/en\/wp-json\/wp\/v2\/pages\/1309\/revisions"}],"predecessor-version":[{"id":1890,"href":"https:\/\/rennie-richter-massage-therapist.com\/en\/wp-json\/wp\/v2\/pages\/1309\/revisions\/1890"}],"wp:featuredmedia":[{"embeddable":true,"href":"https:\/\/rennie-richter-massage-therapist.com\/en\/wp-json\/wp\/v2\/media\/1000"}],"wp:attachment":[{"href":"https:\/\/rennie-richter-massage-therapist.com\/en\/wp-json\/wp\/v2\/media?parent=1309"}],"curies":[{"name":"wp","href":"https:\/\/api.w.org\/{rel}","templated":true}]}}